{"id":356,"date":"2025-12-01T02:07:13","date_gmt":"2025-12-01T02:07:13","guid":{"rendered":"https:\/\/silagebalers.com\/?page_id=356"},"modified":"2025-12-04T01:55:48","modified_gmt":"2025-12-04T01:55:48","slug":"about-us","status":"publish","type":"page","link":"https:\/\/silagebalers.com\/de\/about-us\/","title":{"rendered":"\u00dcber uns"},"content":{"rendered":"<p>[et_pb_section fb_built=&#8221;1&#8243; admin_label=&#8221;Header&#8221; _builder_version=&#8221;4.20.4&#8243; _module_preset=&#8221;default&#8221; use_background_color_gradient=&#8221;on&#8221; background_color_gradient_type=&#8221;circular&#8221; background_color_gradient_direction_radial=&#8221;bottom&#8221; background_color_gradient_stops=&#8221;gcid-64653083-5242-43fe-8dfb-3d72435526c0 0%|gcid-a2ad28b5-d28e-4d1e-9e4d-81a3653a5561 50%|#000000 100%&#8221; background_image=&#8221;https:\/\/silagebalers.com\/wp-content\/uploads\/2025\/12\/creative-marketing-28-scaled.png&#8221; background_size=&#8221;contain&#8221; background_position=&#8221;bottom_center&#8221; overflow-x=&#8221;visible&#8221; overflow-y=&#8221;visible&#8221; custom_margin=&#8221;|3vw||3vw|true|true&#8221; custom_padding=&#8221;||||false|false&#8221; background_last_edited=&#8221;on|tablet&#8221; background_mask_aspect_ratio_tablet=&#8221;portrait&#8221; border_radii=&#8221;on|1.5vw|1.5vw|1.5vw|1.5vw&#8221; locked=&#8221;off&#8221; collapsed=&#8221;on&#8221; global_colors_info=&#8221;{%22gcid-64653083-5242-43fe-8dfb-3d72435526c0%22:%91%22background_color_gradient_stops%22%93}&#8221;][et_pb_row column_structure=&#8221;1_3,2_3&#8243; _builder_version=&#8221;4.21.0&#8243; _module_preset=&#8221;default&#8221; width=&#8221;90%&#8221; locked=&#8221;off&#8221; global_colors_info=&#8221;{}&#8221;][et_pb_column type=&#8221;1_3&#8243; _builder_version=&#8221;4.21.0&#8243; _module_preset=&#8221;default&#8221; global_colors_info=&#8221;{}&#8221;][et_pb_image src=&#8221;https:\/\/silagebalers.com\/wp-content\/uploads\/2025\/12\/silage-baler-about-us.png&#8221; alt=&#8221;silage-baler-about-us&#8221; title_text=&#8221;silage-baler-about-us&#8221; _builder_version=&#8221;4.20.4&#8243; _module_preset=&#8221;default&#8221; custom_margin=&#8221;100px|||-15vw|false|false&#8221; custom_margin_tablet=&#8221;|||0vw|false|false&#8221; custom_margin_phone=&#8221;0px|||0vw|false|false&#8221; custom_margin_last_edited=&#8221;on|phone&#8221; global_colors_info=&#8221;{}&#8221;][\/et_pb_image][\/et_pb_column][et_pb_column type=&#8221;2_3&#8243; _builder_version=&#8221;4.21.0&#8243; _module_preset=&#8221;default&#8221; custom_padding=&#8221;10%||8vw||false|false&#8221; custom_padding_tablet=&#8221;0%||60px||false|false&#8221; custom_padding_phone=&#8221;||60px||false|false&#8221; custom_padding_last_edited=&#8221;on|desktop&#8221; global_colors_info=&#8221;{}&#8221;][et_pb_text _builder_version=&#8221;4.20.4&#8243; _module_preset=&#8221;8d994601-0249-4108-a233-44d3478806c3&#8243; header_text_color=&#8221;#FFFFFF&#8221; custom_margin=&#8221;||10px||false|false&#8221; header_text_color_phone=&#8221;gcid-03ed4d5b-8713-473d-bbf3-4cda2af66fec&#8221; header_text_color_last_edited=&#8221;off|tablet&#8221; global_colors_info=&#8221;{}&#8221;]<\/p>\n<h1>\u00dcber uns<\/h1>\n<p>[\/et_pb_text][et_pb_text _builder_version=&#8221;4.20.4&#8243; _module_preset=&#8221;7c52741e-8f5b-479a-b71a-a1bc61e2c3f7&#8243; text_text_color=&#8221;#FFFFFF&#8221; global_colors_info=&#8221;{}&#8221;]<\/p>\n<p>Wir entwickeln und fertigen Hochleistungs-Silageballenpressen und Landmaschinen, die Landwirte in den USA und weltweit unterst\u00fctzen. Dank fortschrittlicher Technik, erstklassiger Verarbeitung und Innovationsgeist helfen wir Landwirten, h\u00f6here Effizienz, niedrigere Betriebskosten und bessere Ernteertr\u00e4ge zu erzielen.<\/p>\n<p>[\/et_pb_text][et_pb_button button_text=&#8221;View Our Products&#8221; _builder_version=&#8221;4.20.4&#8243; _module_preset=&#8221;5dc0b7f9-c94a-4363-88eb-29511079cf66&#8243; locked=&#8221;off&#8221; global_colors_info=&#8221;{}&#8221;][\/et_pb_button][\/et_pb_column][\/et_pb_row][\/et_pb_section][et_pb_section fb_built=&#8221;1&#8243; _builder_version=&#8221;4.21.0&#8243; _module_preset=&#8221;default&#8221; global_colors_info=&#8221;{}&#8221;][et_pb_row column_structure=&#8221;1_2,1_2&#8243; _builder_version=&#8221;4.21.0&#8243; _module_preset=&#8221;default&#8221; global_colors_info=&#8221;{}&#8221;][et_pb_column type=&#8221;1_2&#8243; _builder_version=&#8221;4.21.0&#8243; _module_preset=&#8221;default&#8221; global_colors_info=&#8221;{}&#8221;][et_pb_text _builder_version=&#8221;4.20.4&#8243; _module_preset=&#8221;9e0e15dc-7dba-4a06-9c7b-6f460e5504c9&#8243; header_font=&#8221;Anek Kannada||||||||&#8221; header_2_font=&#8221;Antonio|700|on|on|||||&#8221; header_2_text_shadow_style=&#8221;preset2&#8243; global_colors_info=&#8221;{}&#8221;]<\/p>\n<h2>Wer wir sind<\/h2>\n<p>[\/et_pb_text][et_pb_text _builder_version=&#8221;4.20.4&#8243; _module_preset=&#8221;7c52741e-8f5b-479a-b71a-a1bc61e2c3f7&#8243; hover_enabled=&#8221;0&#8243; global_colors_info=&#8221;{}&#8221; sticky_enabled=&#8221;0&#8243;]Ever-Power Silage Baler Equipment INC is a modern agricultural machinery manufacturer specializing in silage balers, hay rakes, mowers, and bean harvesters. Based in Sacramento, California, our company integrates R&amp;D, manufacturing, sales, and service, offering complete solutions for farms of all sizes.[\/et_pb_text][et_pb_text _builder_version=&#8221;4.20.4&#8243; _module_preset=&#8221;default&#8221; global_colors_info=&#8221;{}&#8221;]<\/p>\n<h3 data-start=\"1239\" data-end=\"1275\"><strong data-start=\"1243\" data-end=\"1275\">Wichtige Fakten \u00fcber unser Unternehmen:<\/strong><\/h3>\n<ul data-start=\"1276\" data-end=\"1677\">\n<li data-start=\"1276\" data-end=\"1328\">\n<p data-start=\"1278\" data-end=\"1328\">? <strong data-start=\"1281\" data-end=\"1298\">Hauptsitz:<\/strong> Sacramento, Kalifornien, USA<\/p>\n<\/li>\n<li data-start=\"1329\" data-end=\"1371\">\n<p data-start=\"1331\" data-end=\"1371\">? <strong data-start=\"1334\" data-end=\"1352\">Anlagenbereich:<\/strong> \u00fcber 320.000 Quadratfu\u00df<\/p>\n<\/li>\n<li data-start=\"1372\" data-end=\"1398\">\n<p data-start=\"1374\" data-end=\"1398\">? <strong data-start=\"1377\" data-end=\"1391\">Mitarbeiter:<\/strong> 180+<\/p>\n<\/li>\n<li data-start=\"1399\" data-end=\"1444\">\n<p data-start=\"1401\" data-end=\"1444\">? <strong data-start=\"1404\" data-end=\"1427\">Grundkapital:<\/strong> 10 Millionen US-Dollar<\/p>\n<\/li>\n<li data-start=\"1445\" data-end=\"1520\">\n<p data-start=\"1447\" data-end=\"1520\">\u2699\ufe0f <strong data-start=\"1450\" data-end=\"1468\">Produktpalette:<\/strong> Silageballenpressen, Heurechen, M\u00e4hwerke, Bohnenernter<\/p>\n<\/li>\n<li data-start=\"1521\" data-end=\"1617\">\n<p data-start=\"1523\" data-end=\"1617\">? <strong data-start=\"1526\" data-end=\"1550\">Marktverteilung:<\/strong> Wir betreuen Landwirte in den USA, Europa, S\u00fcdamerika und Asien.<\/p>\n<\/li>\n<li data-start=\"1618\" data-end=\"1677\">\n<p data-start=\"1620\" data-end=\"1677\">? <strong data-start=\"1623\" data-end=\"1642\">Zertifizierungen:<\/strong> ISO 9001-, CE- und EPA\/CARB-Konformit\u00e4t<\/p>\n<\/li>\n<\/ul>\n<p data-start=\"1679\" data-end=\"1817\">Unsere Mission ist es, langlebige, effiziente und erschwingliche Landmaschinen anzubieten, die Landwirten helfen, ihre Produktivit\u00e4t und Rentabilit\u00e4t zu steigern.<\/p>\n<p>[\/et_pb_text][et_pb_button button_url=&#8221;https:\/\/silagebalers.com\/contact-us\/&#8221; button_text=&#8221;Contact Us&#8221; _builder_version=&#8221;4.20.4&#8243; _module_preset=&#8221;c5987088-3524-4363-9d87-a36bfc3250cb&#8221; locked=&#8221;off&#8221; global_colors_info=&#8221;{}&#8221;][\/et_pb_button][\/et_pb_column][et_pb_column type=&#8221;1_2&#8243; _builder_version=&#8221;4.21.0&#8243; _module_preset=&#8221;default&#8221; global_colors_info=&#8221;{}&#8221;][et_pb_image src=&#8221;https:\/\/silagebalers.com\/wp-content\/uploads\/2025\/12\/silage-baler-about-us-1.webp&#8221; alt=&#8221;silage-baler-about-us-1&#8243; title_text=&#8221;silage-baler-about-us-1&#8243; _builder_version=&#8221;4.20.4&#8243; _module_preset=&#8221;default&#8221; custom_margin=&#8221;|-15px||||&#8221; global_colors_info=&#8221;{}&#8221;][\/et_pb_image][\/et_pb_column][\/et_pb_row][\/et_pb_section][et_pb_section fb_built=&#8221;1&#8243; admin_label=&#8221;About&#8221; _builder_version=&#8221;4.21.0&#8243; _module_preset=&#8221;default&#8221; collapsed=&#8221;on&#8221; global_colors_info=&#8221;{}&#8221;][et_pb_row _builder_version=&#8221;4.21.0&#8243; _module_preset=&#8221;default&#8221; global_colors_info=&#8221;{}&#8221;][et_pb_column type=&#8221;4_4&#8243; _builder_version=&#8221;4.21.0&#8243; _module_preset=&#8221;default&#8221; global_colors_info=&#8221;{}&#8221;][et_pb_text _builder_version=&#8221;4.21.0&#8243; _module_preset=&#8221;c32834f3-ef0f-4642-b5a9-450e0c5ef05f&#8221; header_4_text_color=&#8221;gcid-b25270ff-80a4-43b3-b4f7-60812cb04374&#8243; global_colors_info=&#8221;{%22gcid-b25270ff-80a4-43b3-b4f7-60812cb04374%22:%91%22header_4_text_color%22%93}&#8221;][\/et_pb_text][et_pb_text _builder_version=&#8221;4.20.4&#8243; _module_preset=&#8221;9e0e15dc-7dba-4a06-9c7b-6f460e5504c9&#8243; header_2_text_shadow_style=&#8221;preset2&#8243; global_colors_info=&#8221;{}&#8221;]<\/p>\n<h2 style=\"text-align: center;\">Produktpr\u00e4sentation \u2013 Ballenpresse<\/h2>\n<p>[\/et_pb_text][\/et_pb_column][\/et_pb_row][et_pb_row _builder_version=&#8221;4.21.0&#8243; _module_preset=&#8221;default&#8221; global_colors_info=&#8221;{}&#8221;][et_pb_column type=&#8221;4_4&#8243; _builder_version=&#8221;4.21.0&#8243; _module_preset=&#8221;default&#8221; global_colors_info=&#8221;{}&#8221;][et_pb_video src=&#8221;https:\/\/silagebalers.com\/wp-content\/uploads\/2025\/11\/baler-video.mp4&#8243; image_src=&#8221;https:\/\/silagebalers.com\/wp-content\/uploads\/2025\/12\/creative-marketing-20.png&#8221; _builder_version=&#8221;4.20.4&#8243; _module_preset=&#8221;default&#8221; border_radii=&#8221;on|10px|10px|10px|10px&#8221; global_colors_info=&#8221;{}&#8221;][\/et_pb_video][\/et_pb_column][\/et_pb_row][\/et_pb_section][et_pb_section fb_built=&#8221;1&#8243; admin_label=&#8221;How It Works&#8221; _builder_version=&#8221;4.21.0&#8243; _module_preset=&#8221;default&#8221; use_background_color_gradient=&#8221;on&#8221; background_color_gradient_stops=&#8221;#ffffff 0%|rgba(255,255,255,0) 25%|rgba(255,255,255,0) 75%|#ffffff 100%&#8221; background_color_gradient_overlays_image=&#8221;on&#8221; background_image=&#8221;https:\/\/silagebalers.com\/wp-content\/uploads\/2025\/11\/creative-marketing-5-1.png&#8221; background_size=&#8221;custom&#8221; background_image_width=&#8221;70%&#8221; background_position=&#8221;center_right&#8221; background_horizontal_offset=&#8221;-8vw&#8221; collapsed=&#8221;on&#8221; global_colors_info=&#8221;{}&#8221;][et_pb_row column_structure=&#8221;2_5,3_5&#8243; _builder_version=&#8221;4.21.0&#8243; _module_preset=&#8221;default&#8221; global_colors_info=&#8221;{}&#8221;][et_pb_column type=&#8221;2_5&#8243; _builder_version=&#8221;4.21.0&#8243; _module_preset=&#8221;default&#8221; global_colors_info=&#8221;{}&#8221;][et_pb_text _builder_version=&#8221;4.20.4&#8243; _module_preset=&#8221;9e0e15dc-7dba-4a06-9c7b-6f460e5504c9&#8243; header_2_text_shadow_style=&#8221;preset1&#8243; global_colors_info=&#8221;{}&#8221;]<\/p>\n<h2>Warum Landwirte uns vertrauen<\/h2>\n<p>[\/et_pb_text][et_pb_blurb title=&#8221;02 \u2014 Strong R&#038;D &#038; Manufacturing Capabilities&#8221; image=&#8221;https:\/\/silagebalers.com\/wp-content\/uploads\/2025\/12\/creative-marketing-icon-1.png&#8221; _builder_version=&#8221;4.20.4&#8243; _module_preset=&#8221;9d90e658-ca89-4792-85b3-b2b51b92d4c8&#8243; header_level=&#8221;h3&#8243; custom_margin=&#8221;71px||10%||false|false&#8221; locked=&#8221;off&#8221; global_colors_info=&#8221;{}&#8221;]<\/p>\n<p data-start=\"2360\" data-end=\"2495\">Mit modernsten Produktionslinien, CNC-Bearbeitungszentren und automatisierten Montagesystemen gew\u00e4hrleisten wir eine stabile und qualitativ hochwertige Produktion.<\/p>\n<ul data-start=\"2496\" data-end=\"2653\">\n<li data-start=\"2496\" data-end=\"2543\">\n<p data-start=\"2498\" data-end=\"2543\">? Moderne, intelligente Produktionsanlagen<\/p>\n<\/li>\n<li data-start=\"2544\" data-end=\"2588\">\n<p data-start=\"2546\" data-end=\"2588\">? Strenge Qualit\u00e4tskontrolle in jeder Phase<\/p>\n<\/li>\n<li data-start=\"2589\" data-end=\"2653\">\n<p data-start=\"2591\" data-end=\"2653\">?\ufe0f Einhaltung globaler Standards (ISO9001, CE, EPA\/CARB)<\/p>\n<\/li>\n<\/ul>\n<p data-start=\"2655\" data-end=\"2743\">Unsere Produkte sind f\u00fcr die realen Herausforderungen der Landwirtschaft in unterschiedlichsten Umgebungen konzipiert.<\/p>\n<p>[\/et_pb_blurb][\/et_pb_column][et_pb_column type=&#8221;3_5&#8243; _builder_version=&#8221;4.21.0&#8243; _module_preset=&#8221;default&#8221; global_colors_info=&#8221;{}&#8221;][et_pb_blurb title=&#8221;01 \u2014 Professional Technical Team&#8221; image=&#8221;https:\/\/silagebalers.com\/wp-content\/uploads\/2025\/12\/creative-marketing-icon-3.png&#8221; _builder_version=&#8221;4.20.4&#8243; _module_preset=&#8221;9d90e658-ca89-4792-85b3-b2b51b92d4c8&#8243; header_level=&#8221;h3&#8243; custom_margin=&#8221;||10%||false|false&#8221; locked=&#8221;off&#8221; global_colors_info=&#8221;{}&#8221;]<\/p>\n<p data-start=\"1966\" data-end=\"2078\">Unser Ingenieurteam besteht aus hochqualifizierten Fachleuten mit jahrelanger Erfahrung im Bereich Landmaschinen.<\/p>\n<ul data-start=\"2079\" data-end=\"2199\">\n<li data-start=\"2079\" data-end=\"2110\">\n<p data-start=\"2081\" data-end=\"2110\">?\u200d? Starke F&amp;E-Kompetenz<\/p>\n<\/li>\n<li data-start=\"2111\" data-end=\"2154\">\n<p data-start=\"2113\" data-end=\"2154\">?\ufe0f Fortschrittliche 3D-CAD-Konstruktion &amp; -Simulation<\/p>\n<\/li>\n<li data-start=\"2155\" data-end=\"2199\">\n<p data-start=\"2157\" data-end=\"2199\">? Komplette Test- und Inspektionssysteme<\/p>\n<\/li>\n<\/ul>\n<p data-start=\"2201\" data-end=\"2298\">Wir arbeiten kontinuierlich an Innovationen, um die Leistung und Zuverl\u00e4ssigkeit jeder einzelnen Maschine, die wir produzieren, zu verbessern.<\/p>\n<p>[\/et_pb_blurb][et_pb_blurb title=&#8221;03 \u2014 Dedicated After-Sales Support&#8221; image=&#8221;https:\/\/silagebalers.com\/wp-content\/uploads\/2025\/11\/creative-marketing-icon-2.png&#8221; _builder_version=&#8221;4.20.4&#8243; _module_preset=&#8221;9d90e658-ca89-4792-85b3-b2b51b92d4c8&#8243; header_level=&#8221;h3&#8243; custom_margin=&#8221;||10%||false|false&#8221; locked=&#8221;off&#8221; global_colors_info=&#8221;{}&#8221;]<\/p>\n<p data-start=\"2795\" data-end=\"2867\">Wir bieten umfassenden Support w\u00e4hrend des gesamten Produktlebenszyklus.<\/p>\n<ul data-start=\"2868\" data-end=\"2967\">\n<li data-start=\"2868\" data-end=\"2896\">\n<p data-start=\"2870\" data-end=\"2896\">? Kundenservice rund um die Uhr<\/p>\n<\/li>\n<li data-start=\"2897\" data-end=\"2923\">\n<p data-start=\"2899\" data-end=\"2923\">? Schnelle Teilelieferung<\/p>\n<\/li>\n<li data-start=\"2924\" data-end=\"2967\">\n<p data-start=\"2926\" data-end=\"2967\">? Technischer Support vor Ort und per Fernwartung<\/p>\n<\/li>\n<\/ul>\n<p data-start=\"2969\" data-end=\"3045\">Unser Ziel ist einfach: <strong data-start=\"2989\" data-end=\"3045\">Sorgen Sie daf\u00fcr, dass Ihre Maschinen laufen und Ihr landwirtschaftlicher Betrieb produktiv bleibt.<\/strong><\/p>\n<p>[\/et_pb_blurb][\/et_pb_column][\/et_pb_row][\/et_pb_section][et_pb_section fb_built=&#8221;1&#8243; _builder_version=&#8221;4.20.4&#8243; _module_preset=&#8221;default&#8221; global_colors_info=&#8221;{}&#8221;][et_pb_row column_structure=&#8221;1_2,1_2&#8243; _builder_version=&#8221;4.20.4&#8243; _module_preset=&#8221;default&#8221; global_colors_info=&#8221;{}&#8221;][et_pb_column type=&#8221;1_2&#8243; _builder_version=&#8221;4.20.4&#8243; _module_preset=&#8221;default&#8221; global_colors_info=&#8221;{}&#8221;][et_pb_text _builder_version=&#8221;4.20.4&#8243; _module_preset=&#8221;default&#8221; text_font=&#8221;Amaranth|600|||||||&#8221; text_font_size=&#8221;16px&#8221; header_2_font=&#8221;Anek Malayalam|700|||||||&#8221; header_2_text_color=&#8221;#00457A&#8221; header_2_font_size=&#8221;36px&#8221; header_2_line_height=&#8221;2em&#8221; header_2_text_shadow_style=&#8221;preset4&#8243; header_2_text_shadow_color=&#8221;#8F8F8F&#8221; global_colors_info=&#8221;{}&#8221;]<\/p>\n<h2>Unsere Produktkapazit\u00e4ten<\/h2>\n<h3 data-start=\"3921\" data-end=\"3943\"><strong data-start=\"3924\" data-end=\"3943\">Was wir produzieren<\/strong><\/h3>\n<p data-start=\"3944\" data-end=\"4027\">Wir bieten ein komplettes Sortiment an Landmaschinen f\u00fcr die Heu-, Silage- und Erntegutverarbeitung an:<\/p>\n<h4 data-start=\"4029\" data-end=\"4054\"><strong data-start=\"4033\" data-end=\"4052\">\u2714 Silageballenpressen<\/strong><\/h4>\n<p data-start=\"4055\" data-end=\"4154\">Hochleistungsf\u00e4hige Ballenpressen mit hoher Pressdichte, die sowohl f\u00fcr kleine landwirtschaftliche Betriebe als auch f\u00fcr gro\u00dfe kommerzielle Unternehmen geeignet sind.<\/p>\n<h4 data-start=\"4156\" data-end=\"4177\"><strong data-start=\"4160\" data-end=\"4175\">\u2714 Heurechen<\/strong><\/h4>\n<p data-start=\"4178\" data-end=\"4255\">Effiziente, stabile und flexible Rechenl\u00f6sungen zur Herstellung perfekter Schwaden.<\/p>\n<h4 data-start=\"4257\" data-end=\"4275\"><strong data-start=\"4261\" data-end=\"4273\">\u2714 Rasenm\u00e4her<\/strong><\/h4>\n<p data-start=\"4276\" data-end=\"4340\">Leistungsstarke Schneidsysteme f\u00fcr schnelles, gleichm\u00e4\u00dfiges und sauberes M\u00e4hen von Feldern.<\/p>\n<h4 data-start=\"4342\" data-end=\"4369\"><strong data-start=\"4346\" data-end=\"4367\">\u2714 Bohnenernter<\/strong><\/h4>\n<p data-start=\"4370\" data-end=\"4452\">Fortschrittliche Extraktions- und Sortiersysteme f\u00fcr eine pr\u00e4zise und effiziente Bohnenernte.<\/p>\n<p data-start=\"4454\" data-end=\"4542\">Bei der Konstruktion jeder Maschine wurde besonderer Wert auf Langlebigkeit, Stabilit\u00e4t und Wartungsfreundlichkeit gelegt.<\/p>\n<p>[\/et_pb_text][\/et_pb_column][et_pb_column type=&#8221;1_2&#8243; _builder_version=&#8221;4.20.4&#8243; _module_preset=&#8221;default&#8221; global_colors_info=&#8221;{}&#8221;][et_pb_text _builder_version=&#8221;4.20.4&#8243; _module_preset=&#8221;default&#8221; text_font=&#8221;Amaranth|700|||||||&#8221; text_font_size=&#8221;16px&#8221; header_2_font=&#8221;Amarante|700|||||||&#8221; header_2_text_color=&#8221;#E06100&#8243; header_2_font_size=&#8221;36px&#8221; header_2_line_height=&#8221;3em&#8221; header_2_text_shadow_style=&#8221;preset1&#8243; global_colors_info=&#8221;{}&#8221;]<\/p>\n<h2>Kernwerte<\/h2>\n<ul>\n<li data-start=\"3457\" data-end=\"3546\">\n<p data-start=\"3459\" data-end=\"3546\"><strong data-start=\"3459\" data-end=\"3476\">? Innovation<\/strong> \u2013 Kontinuierliche Verbesserung des Maschinenparks, um den modernen landwirtschaftlichen Anforderungen gerecht zu werden<\/p>\n<\/li>\n<li data-start=\"3547\" data-end=\"3623\">\n<p data-start=\"3549\" data-end=\"3623\"><strong data-start=\"3549\" data-end=\"3565\">? Integrit\u00e4t<\/strong> \u2013 Ehrlichkeit und langfristige Partnerschaft mit jedem Kunden<\/p>\n<\/li>\n<li data-start=\"3624\" data-end=\"3700\">\n<p data-start=\"3626\" data-end=\"3700\"><strong data-start=\"3626\" data-end=\"3640\">\u2699\ufe0f Qualit\u00e4t<\/strong> \u2013 Produkte, die f\u00fcr anspruchsvolle landwirtschaftliche Umgebungen entwickelt wurden.<\/p>\n<\/li>\n<li data-start=\"3701\" data-end=\"3776\">\n<p data-start=\"3703\" data-end=\"3776\"><strong data-start=\"3703\" data-end=\"3717\">? Service<\/strong> \u2013 Kundenorientierter Ansatz mit schnellem und zuverl\u00e4ssigem Support<\/p>\n<\/li>\n<li data-start=\"3777\" data-end=\"3868\">\n<p data-start=\"3779\" data-end=\"3868\"><strong data-start=\"3779\" data-end=\"3800\">? Nachhaltigkeit<\/strong> \u2013 Entwicklung von Anlagen, die Abfall reduzieren und die Effizienz steigern<\/p>\n<\/li>\n<\/ul>\n<p>[\/et_pb_text][\/et_pb_column][\/et_pb_row][\/et_pb_section][et_pb_section fb_built=&#8221;1&#8243; _builder_version=&#8221;4.20.4&#8243; _module_preset=&#8221;default&#8221; global_colors_info=&#8221;{}&#8221;][et_pb_row _builder_version=&#8221;4.20.4&#8243; _module_preset=&#8221;default&#8221; global_colors_info=&#8221;{}&#8221;][et_pb_column type=&#8221;4_4&#8243; _builder_version=&#8221;4.20.4&#8243; _module_preset=&#8221;default&#8221; global_colors_info=&#8221;{}&#8221;][et_pb_image src=&#8221;https:\/\/silagebalers.com\/wp-content\/uploads\/2025\/12\/silage-baler-iso90001-1.webp&#8221; alt=&#8221;silage-baler-iso90001-1&#8243; title_text=&#8221;silage-baler-iso90001-1&#8243; force_fullwidth=&#8221;on&#8221; _builder_version=&#8221;4.20.4&#8243; _module_preset=&#8221;default&#8221; global_colors_info=&#8221;{}&#8221;][\/et_pb_image][\/et_pb_column][\/et_pb_row][\/et_pb_section]<\/p>","protected":false},"excerpt":{"rendered":"<p>About UsWe design and manufacture high-performance silage balers and agricultural machinery that empower farmers across the United States and around the world. With advanced engineering, quality craftsmanship, and a commitment to innovation, we help farmers achieve higher efficiency, lower operational costs, and better harvest results.Who We AreEver-Power Silage Baler Equipment INC is a modern agricultural [&hellip;]<\/p>","protected":false},"author":1,"featured_media":0,"parent":0,"menu_order":0,"comment_status":"closed","ping_status":"closed","template":"","meta":{"_et_pb_use_builder":"on","_et_pb_old_content":"","_et_gb_content_width":"","footnotes":""},"class_list":["post-356","page","type-page","status-publish","hentry"],"_links":{"self":[{"href":"https:\/\/silagebalers.com\/de\/wp-json\/wp\/v2\/pages\/356","targetHints":{"allow":["GET"]}}],"collection":[{"href":"https:\/\/silagebalers.com\/de\/wp-json\/wp\/v2\/pages"}],"about":[{"href":"https:\/\/silagebalers.com\/de\/wp-json\/wp\/v2\/types\/page"}],"author":[{"embeddable":true,"href":"https:\/\/silagebalers.com\/de\/wp-json\/wp\/v2\/users\/1"}],"replies":[{"embeddable":true,"href":"https:\/\/silagebalers.com\/de\/wp-json\/wp\/v2\/comments?post=356"}],"version-history":[{"count":27,"href":"https:\/\/silagebalers.com\/de\/wp-json\/wp\/v2\/pages\/356\/revisions"}],"predecessor-version":[{"id":484,"href":"https:\/\/silagebalers.com\/de\/wp-json\/wp\/v2\/pages\/356\/revisions\/484"}],"wp:attachment":[{"href":"https:\/\/silagebalers.com\/de\/wp-json\/wp\/v2\/media?parent=356"}],"curies":[{"name":"wp","href":"https:\/\/api.w.org\/{rel}","templated":true}]}}