{"id":356,"date":"2025-12-01T02:07:13","date_gmt":"2025-12-01T02:07:13","guid":{"rendered":"https:\/\/silagebalers.com\/?page_id=356"},"modified":"2025-12-04T01:55:48","modified_gmt":"2025-12-04T01:55:48","slug":"about-us","status":"publish","type":"page","link":"https:\/\/silagebalers.com\/it\/about-us\/","title":{"rendered":"Chi siamo"},"content":{"rendered":"<p>[et_pb_section fb_built=&#8221;1&#8243; admin_label=&#8221;Header&#8221; _builder_version=&#8221;4.20.4&#8243; _module_preset=&#8221;default&#8221; use_background_color_gradient=&#8221;on&#8221; background_color_gradient_type=&#8221;circular&#8221; background_color_gradient_direction_radial=&#8221;bottom&#8221; background_color_gradient_stops=&#8221;gcid-64653083-5242-43fe-8dfb-3d72435526c0 0%|gcid-a2ad28b5-d28e-4d1e-9e4d-81a3653a5561 50%|#000000 100%&#8221; background_image=&#8221;https:\/\/silagebalers.com\/wp-content\/uploads\/2025\/12\/creative-marketing-28-scaled.png&#8221; background_size=&#8221;contain&#8221; background_position=&#8221;bottom_center&#8221; overflow-x=&#8221;visible&#8221; overflow-y=&#8221;visible&#8221; custom_margin=&#8221;|3vw||3vw|true|true&#8221; custom_padding=&#8221;||||false|false&#8221; background_last_edited=&#8221;on|tablet&#8221; background_mask_aspect_ratio_tablet=&#8221;portrait&#8221; border_radii=&#8221;on|1.5vw|1.5vw|1.5vw|1.5vw&#8221; locked=&#8221;off&#8221; collapsed=&#8221;on&#8221; global_colors_info=&#8221;{%22gcid-64653083-5242-43fe-8dfb-3d72435526c0%22:%91%22background_color_gradient_stops%22%93}&#8221;][et_pb_row column_structure=&#8221;1_3,2_3&#8243; _builder_version=&#8221;4.21.0&#8243; _module_preset=&#8221;default&#8221; width=&#8221;90%&#8221; locked=&#8221;off&#8221; global_colors_info=&#8221;{}&#8221;][et_pb_column type=&#8221;1_3&#8243; _builder_version=&#8221;4.21.0&#8243; _module_preset=&#8221;default&#8221; global_colors_info=&#8221;{}&#8221;][et_pb_image src=&#8221;https:\/\/silagebalers.com\/wp-content\/uploads\/2025\/12\/silage-baler-about-us.png&#8221; alt=&#8221;silage-baler-about-us&#8221; title_text=&#8221;silage-baler-about-us&#8221; _builder_version=&#8221;4.20.4&#8243; _module_preset=&#8221;default&#8221; custom_margin=&#8221;100px|||-15vw|false|false&#8221; custom_margin_tablet=&#8221;|||0vw|false|false&#8221; custom_margin_phone=&#8221;0px|||0vw|false|false&#8221; custom_margin_last_edited=&#8221;on|phone&#8221; global_colors_info=&#8221;{}&#8221;][\/et_pb_image][\/et_pb_column][et_pb_column type=&#8221;2_3&#8243; _builder_version=&#8221;4.21.0&#8243; _module_preset=&#8221;default&#8221; custom_padding=&#8221;10%||8vw||false|false&#8221; custom_padding_tablet=&#8221;0%||60px||false|false&#8221; custom_padding_phone=&#8221;||60px||false|false&#8221; custom_padding_last_edited=&#8221;on|desktop&#8221; global_colors_info=&#8221;{}&#8221;][et_pb_text _builder_version=&#8221;4.20.4&#8243; _module_preset=&#8221;8d994601-0249-4108-a233-44d3478806c3&#8243; header_text_color=&#8221;#FFFFFF&#8221; custom_margin=&#8221;||10px||false|false&#8221; header_text_color_phone=&#8221;gcid-03ed4d5b-8713-473d-bbf3-4cda2af66fec&#8221; header_text_color_last_edited=&#8221;off|tablet&#8221; global_colors_info=&#8221;{}&#8221;]<\/p>\n<h1>Chi siamo<\/h1>\n<p>[\/et_pb_text][et_pb_text _builder_version=&#8221;4.20.4&#8243; _module_preset=&#8221;7c52741e-8f5b-479a-b71a-a1bc61e2c3f7&#8243; text_text_color=&#8221;#FFFFFF&#8221; global_colors_info=&#8221;{}&#8221;]<\/p>\n<p>Progettiamo e produciamo presse per insilato e macchinari agricoli ad alte prestazioni che supportano gli agricoltori negli Stati Uniti e in tutto il mondo. Grazie a ingegneria avanzata, qualit\u00e0 artigianale e impegno per l'innovazione, aiutiamo gli agricoltori a raggiungere una maggiore efficienza, costi operativi inferiori e migliori risultati di raccolta.<\/p>\n<p>[\/et_pb_text][et_pb_button button_text=&#8221;View Our Products&#8221; _builder_version=&#8221;4.20.4&#8243; _module_preset=&#8221;5dc0b7f9-c94a-4363-88eb-29511079cf66&#8243; locked=&#8221;off&#8221; global_colors_info=&#8221;{}&#8221;][\/et_pb_button][\/et_pb_column][\/et_pb_row][\/et_pb_section][et_pb_section fb_built=&#8221;1&#8243; _builder_version=&#8221;4.21.0&#8243; _module_preset=&#8221;default&#8221; global_colors_info=&#8221;{}&#8221;][et_pb_row column_structure=&#8221;1_2,1_2&#8243; _builder_version=&#8221;4.21.0&#8243; _module_preset=&#8221;default&#8221; global_colors_info=&#8221;{}&#8221;][et_pb_column type=&#8221;1_2&#8243; _builder_version=&#8221;4.21.0&#8243; _module_preset=&#8221;default&#8221; global_colors_info=&#8221;{}&#8221;][et_pb_text _builder_version=&#8221;4.20.4&#8243; _module_preset=&#8221;9e0e15dc-7dba-4a06-9c7b-6f460e5504c9&#8243; header_font=&#8221;Anek Kannada||||||||&#8221; header_2_font=&#8221;Antonio|700|on|on|||||&#8221; header_2_text_shadow_style=&#8221;preset2&#8243; global_colors_info=&#8221;{}&#8221;]<\/p>\n<h2>Chi siamo<\/h2>\n<p>[\/et_pb_text][et_pb_text _builder_version=&#8221;4.20.4&#8243; _module_preset=&#8221;7c52741e-8f5b-479a-b71a-a1bc61e2c3f7&#8243; hover_enabled=&#8221;0&#8243; global_colors_info=&#8221;{}&#8221; sticky_enabled=&#8221;0&#8243;]Ever-Power Silage Baler Equipment INC is a modern agricultural machinery manufacturer specializing in silage balers, hay rakes, mowers, and bean harvesters. Based in Sacramento, California, our company integrates R&amp;D, manufacturing, sales, and service, offering complete solutions for farms of all sizes.[\/et_pb_text][et_pb_text _builder_version=&#8221;4.20.4&#8243; _module_preset=&#8221;default&#8221; global_colors_info=&#8221;{}&#8221;]<\/p>\n<h3 data-start=\"1239\" data-end=\"1275\"><strong data-start=\"1243\" data-end=\"1275\">Informazioni chiave sulla nostra azienda:<\/strong><\/h3>\n<ul data-start=\"1276\" data-end=\"1677\">\n<li data-start=\"1276\" data-end=\"1328\">\n<p data-start=\"1278\" data-end=\"1328\">? <strong data-start=\"1281\" data-end=\"1298\">Sede centrale:<\/strong> Sacramento, California, Stati Uniti<\/p>\n<\/li>\n<li data-start=\"1329\" data-end=\"1371\">\n<p data-start=\"1331\" data-end=\"1371\">? <strong data-start=\"1334\" data-end=\"1352\">Area della struttura:<\/strong> Oltre 320.000 piedi quadrati<\/p>\n<\/li>\n<li data-start=\"1372\" data-end=\"1398\">\n<p data-start=\"1374\" data-end=\"1398\">? <strong data-start=\"1377\" data-end=\"1391\">Dipendenti:<\/strong> 180+<\/p>\n<\/li>\n<li data-start=\"1399\" data-end=\"1444\">\n<p data-start=\"1401\" data-end=\"1444\">? <strong data-start=\"1404\" data-end=\"1427\">Capitale sociale:<\/strong> 10 milioni di dollari<\/p>\n<\/li>\n<li data-start=\"1445\" data-end=\"1520\">\n<p data-start=\"1447\" data-end=\"1520\">\u2699\ufe0f <strong data-start=\"1450\" data-end=\"1468\">Gamma di prodotti:<\/strong> Presse per insilato, rastrelli per fieno, falciatrici, raccoglitrici di fagioli<\/p>\n<\/li>\n<li data-start=\"1521\" data-end=\"1617\">\n<p data-start=\"1523\" data-end=\"1617\">? <strong data-start=\"1526\" data-end=\"1550\">Distribuzione del mercato:<\/strong> Al servizio degli agricoltori negli Stati Uniti, in Europa, in Sud America e in Asia<\/p>\n<\/li>\n<li data-start=\"1618\" data-end=\"1677\">\n<p data-start=\"1620\" data-end=\"1677\">? <strong data-start=\"1623\" data-end=\"1642\">Certificazioni:<\/strong> Conformit\u00e0 ISO9001, CE, EPA\/CARB<\/p>\n<\/li>\n<\/ul>\n<p data-start=\"1679\" data-end=\"1817\">La nostra missione \u00e8 quella di fornire attrezzature agricole durevoli, efficienti e convenienti che aiutino gli agricoltori ad aumentare la produttivit\u00e0 e la redditivit\u00e0.<\/p>\n<p>[\/et_pb_text][et_pb_button button_url=&#8221;https:\/\/silagebalers.com\/contact-us\/&#8221; button_text=&#8221;Contact Us&#8221; _builder_version=&#8221;4.20.4&#8243; _module_preset=&#8221;c5987088-3524-4363-9d87-a36bfc3250cb&#8221; locked=&#8221;off&#8221; global_colors_info=&#8221;{}&#8221;][\/et_pb_button][\/et_pb_column][et_pb_column type=&#8221;1_2&#8243; _builder_version=&#8221;4.21.0&#8243; _module_preset=&#8221;default&#8221; global_colors_info=&#8221;{}&#8221;][et_pb_image src=&#8221;https:\/\/silagebalers.com\/wp-content\/uploads\/2025\/12\/silage-baler-about-us-1.webp&#8221; alt=&#8221;silage-baler-about-us-1&#8243; title_text=&#8221;silage-baler-about-us-1&#8243; _builder_version=&#8221;4.20.4&#8243; _module_preset=&#8221;default&#8221; custom_margin=&#8221;|-15px||||&#8221; global_colors_info=&#8221;{}&#8221;][\/et_pb_image][\/et_pb_column][\/et_pb_row][\/et_pb_section][et_pb_section fb_built=&#8221;1&#8243; admin_label=&#8221;About&#8221; _builder_version=&#8221;4.21.0&#8243; _module_preset=&#8221;default&#8221; collapsed=&#8221;on&#8221; global_colors_info=&#8221;{}&#8221;][et_pb_row _builder_version=&#8221;4.21.0&#8243; _module_preset=&#8221;default&#8221; global_colors_info=&#8221;{}&#8221;][et_pb_column type=&#8221;4_4&#8243; _builder_version=&#8221;4.21.0&#8243; _module_preset=&#8221;default&#8221; global_colors_info=&#8221;{}&#8221;][et_pb_text _builder_version=&#8221;4.21.0&#8243; _module_preset=&#8221;c32834f3-ef0f-4642-b5a9-450e0c5ef05f&#8221; header_4_text_color=&#8221;gcid-b25270ff-80a4-43b3-b4f7-60812cb04374&#8243; global_colors_info=&#8221;{%22gcid-b25270ff-80a4-43b3-b4f7-60812cb04374%22:%91%22header_4_text_color%22%93}&#8221;][\/et_pb_text][et_pb_text _builder_version=&#8221;4.20.4&#8243; _module_preset=&#8221;9e0e15dc-7dba-4a06-9c7b-6f460e5504c9&#8243; header_2_text_shadow_style=&#8221;preset2&#8243; global_colors_info=&#8221;{}&#8221;]<\/p>\n<h2 style=\"text-align: center;\">Vetrina dei prodotti \u2013 Baler<\/h2>\n<p>[\/et_pb_text][\/et_pb_column][\/et_pb_row][et_pb_row _builder_version=&#8221;4.21.0&#8243; _module_preset=&#8221;default&#8221; global_colors_info=&#8221;{}&#8221;][et_pb_column type=&#8221;4_4&#8243; _builder_version=&#8221;4.21.0&#8243; _module_preset=&#8221;default&#8221; global_colors_info=&#8221;{}&#8221;][et_pb_video src=&#8221;https:\/\/silagebalers.com\/wp-content\/uploads\/2025\/11\/baler-video.mp4&#8243; image_src=&#8221;https:\/\/silagebalers.com\/wp-content\/uploads\/2025\/12\/creative-marketing-20.png&#8221; _builder_version=&#8221;4.20.4&#8243; _module_preset=&#8221;default&#8221; border_radii=&#8221;on|10px|10px|10px|10px&#8221; global_colors_info=&#8221;{}&#8221;][\/et_pb_video][\/et_pb_column][\/et_pb_row][\/et_pb_section][et_pb_section fb_built=&#8221;1&#8243; admin_label=&#8221;How It Works&#8221; _builder_version=&#8221;4.21.0&#8243; _module_preset=&#8221;default&#8221; use_background_color_gradient=&#8221;on&#8221; background_color_gradient_stops=&#8221;#ffffff 0%|rgba(255,255,255,0) 25%|rgba(255,255,255,0) 75%|#ffffff 100%&#8221; background_color_gradient_overlays_image=&#8221;on&#8221; background_image=&#8221;https:\/\/silagebalers.com\/wp-content\/uploads\/2025\/11\/creative-marketing-5-1.png&#8221; background_size=&#8221;custom&#8221; background_image_width=&#8221;70%&#8221; background_position=&#8221;center_right&#8221; background_horizontal_offset=&#8221;-8vw&#8221; collapsed=&#8221;on&#8221; global_colors_info=&#8221;{}&#8221;][et_pb_row column_structure=&#8221;2_5,3_5&#8243; _builder_version=&#8221;4.21.0&#8243; _module_preset=&#8221;default&#8221; global_colors_info=&#8221;{}&#8221;][et_pb_column type=&#8221;2_5&#8243; _builder_version=&#8221;4.21.0&#8243; _module_preset=&#8221;default&#8221; global_colors_info=&#8221;{}&#8221;][et_pb_text _builder_version=&#8221;4.20.4&#8243; _module_preset=&#8221;9e0e15dc-7dba-4a06-9c7b-6f460e5504c9&#8243; header_2_text_shadow_style=&#8221;preset1&#8243; global_colors_info=&#8221;{}&#8221;]<\/p>\n<h2>Perch\u00e9 gli agricoltori si fidano di noi<\/h2>\n<p>[\/et_pb_text][et_pb_blurb title=&#8221;02 \u2014 Strong R&#038;D &#038; Manufacturing Capabilities&#8221; image=&#8221;https:\/\/silagebalers.com\/wp-content\/uploads\/2025\/12\/creative-marketing-icon-1.png&#8221; _builder_version=&#8221;4.20.4&#8243; _module_preset=&#8221;9d90e658-ca89-4792-85b3-b2b51b92d4c8&#8243; header_level=&#8221;h3&#8243; custom_margin=&#8221;71px||10%||false|false&#8221; locked=&#8221;off&#8221; global_colors_info=&#8221;{}&#8221;]<\/p>\n<p data-start=\"2360\" data-end=\"2495\">Grazie a linee di produzione all'avanguardia, centri di lavorazione CNC e sistemi di assemblaggio automatizzati, garantiamo un output stabile e di alta qualit\u00e0.<\/p>\n<ul data-start=\"2496\" data-end=\"2653\">\n<li data-start=\"2496\" data-end=\"2543\">\n<p data-start=\"2498\" data-end=\"2543\">? Moderni impianti di produzione intelligenti<\/p>\n<\/li>\n<li data-start=\"2544\" data-end=\"2588\">\n<p data-start=\"2546\" data-end=\"2588\">? Rigoroso controllo di qualit\u00e0 in ogni fase<\/p>\n<\/li>\n<li data-start=\"2589\" data-end=\"2653\">\n<p data-start=\"2591\" data-end=\"2653\">?\ufe0f Conformit\u00e0 agli standard globali (ISO9001, CE, EPA\/CARB)<\/p>\n<\/li>\n<\/ul>\n<p data-start=\"2655\" data-end=\"2743\">I nostri prodotti sono progettati per affrontare le sfide agricole reali in diversi ambienti.<\/p>\n<p>[\/et_pb_blurb][\/et_pb_column][et_pb_column type=&#8221;3_5&#8243; _builder_version=&#8221;4.21.0&#8243; _module_preset=&#8221;default&#8221; global_colors_info=&#8221;{}&#8221;][et_pb_blurb title=&#8221;01 \u2014 Professional Technical Team&#8221; image=&#8221;https:\/\/silagebalers.com\/wp-content\/uploads\/2025\/12\/creative-marketing-icon-3.png&#8221; _builder_version=&#8221;4.20.4&#8243; _module_preset=&#8221;9d90e658-ca89-4792-85b3-b2b51b92d4c8&#8243; header_level=&#8221;h3&#8243; custom_margin=&#8221;||10%||false|false&#8221; locked=&#8221;off&#8221; global_colors_info=&#8221;{}&#8221;]<\/p>\n<p data-start=\"1966\" data-end=\"2078\">Il nostro team di ingegneri \u00e8 composto da professionisti altamente qualificati con anni di esperienza nel settore delle macchine agricole.<\/p>\n<ul data-start=\"2079\" data-end=\"2199\">\n<li data-start=\"2079\" data-end=\"2110\">\n<p data-start=\"2081\" data-end=\"2110\">?\u200d? Forte capacit\u00e0 di ricerca e sviluppo<\/p>\n<\/li>\n<li data-start=\"2111\" data-end=\"2154\">\n<p data-start=\"2113\" data-end=\"2154\">?\ufe0f Progettazione e simulazione CAD 3D avanzata<\/p>\n<\/li>\n<li data-start=\"2155\" data-end=\"2199\">\n<p data-start=\"2157\" data-end=\"2199\">? Sistemi completi di collaudo e ispezione<\/p>\n<\/li>\n<\/ul>\n<p data-start=\"2201\" data-end=\"2298\">Innoviamo costantemente per migliorare le prestazioni e l'affidabilit\u00e0 di ogni macchina che produciamo.<\/p>\n<p>[\/et_pb_blurb][et_pb_blurb title=&#8221;03 \u2014 Dedicated After-Sales Support&#8221; image=&#8221;https:\/\/silagebalers.com\/wp-content\/uploads\/2025\/11\/creative-marketing-icon-2.png&#8221; _builder_version=&#8221;4.20.4&#8243; _module_preset=&#8221;9d90e658-ca89-4792-85b3-b2b51b92d4c8&#8243; header_level=&#8221;h3&#8243; custom_margin=&#8221;||10%||false|false&#8221; locked=&#8221;off&#8221; global_colors_info=&#8221;{}&#8221;]<\/p>\n<p data-start=\"2795\" data-end=\"2867\">Offriamo un supporto completo durante l'intero ciclo di vita del prodotto.<\/p>\n<ul data-start=\"2868\" data-end=\"2967\">\n<li data-start=\"2868\" data-end=\"2896\">\n<p data-start=\"2870\" data-end=\"2896\">? Servizio clienti 24 ore su 24, 7 giorni su 7<\/p>\n<\/li>\n<li data-start=\"2897\" data-end=\"2923\">\n<p data-start=\"2899\" data-end=\"2923\">? Consegna rapida dei pezzi<\/p>\n<\/li>\n<li data-start=\"2924\" data-end=\"2967\">\n<p data-start=\"2926\" data-end=\"2967\">? Supporto tecnico in loco e da remoto<\/p>\n<\/li>\n<\/ul>\n<p data-start=\"2969\" data-end=\"3045\">Il nostro obiettivo \u00e8 semplice: <strong data-start=\"2989\" data-end=\"3045\">mantieni i tuoi macchinari in funzione e la tua azienda agricola produttiva.<\/strong><\/p>\n<p>[\/et_pb_blurb][\/et_pb_column][\/et_pb_row][\/et_pb_section][et_pb_section fb_built=&#8221;1&#8243; _builder_version=&#8221;4.20.4&#8243; _module_preset=&#8221;default&#8221; global_colors_info=&#8221;{}&#8221;][et_pb_row column_structure=&#8221;1_2,1_2&#8243; _builder_version=&#8221;4.20.4&#8243; _module_preset=&#8221;default&#8221; global_colors_info=&#8221;{}&#8221;][et_pb_column type=&#8221;1_2&#8243; _builder_version=&#8221;4.20.4&#8243; _module_preset=&#8221;default&#8221; global_colors_info=&#8221;{}&#8221;][et_pb_text _builder_version=&#8221;4.20.4&#8243; _module_preset=&#8221;default&#8221; text_font=&#8221;Amaranth|600|||||||&#8221; text_font_size=&#8221;16px&#8221; header_2_font=&#8221;Anek Malayalam|700|||||||&#8221; header_2_text_color=&#8221;#00457A&#8221; header_2_font_size=&#8221;36px&#8221; header_2_line_height=&#8221;2em&#8221; header_2_text_shadow_style=&#8221;preset4&#8243; header_2_text_shadow_color=&#8221;#8F8F8F&#8221; global_colors_info=&#8221;{}&#8221;]<\/p>\n<h2>Le nostre capacit\u00e0 di prodotto<\/h2>\n<h3 data-start=\"3921\" data-end=\"3943\"><strong data-start=\"3924\" data-end=\"3943\">Cosa produciamo<\/strong><\/h3>\n<p data-start=\"3944\" data-end=\"4027\">Offriamo una gamma completa di macchinari agricoli per la movimentazione di fieno, insilato e colture:<\/p>\n<h4 data-start=\"4029\" data-end=\"4054\"><strong data-start=\"4033\" data-end=\"4052\">\u2714 Presse per insilato<\/strong><\/h4>\n<p data-start=\"4055\" data-end=\"4154\">Presse ad alta densit\u00e0 e alta efficienza progettate sia per piccole aziende agricole che per grandi attivit\u00e0 commerciali.<\/p>\n<h4 data-start=\"4156\" data-end=\"4177\"><strong data-start=\"4160\" data-end=\"4175\">\u2714 Rastrelli per fieno<\/strong><\/h4>\n<p data-start=\"4178\" data-end=\"4255\">Soluzioni di rastrellatura efficienti, stabili e flessibili per preparare andane perfette.<\/p>\n<h4 data-start=\"4257\" data-end=\"4275\"><strong data-start=\"4261\" data-end=\"4273\">\u2714 Tosaerba<\/strong><\/h4>\n<p data-start=\"4276\" data-end=\"4340\">Potenti sistemi di taglio per una falciatura rapida, uniforme e pulita del campo.<\/p>\n<h4 data-start=\"4342\" data-end=\"4369\"><strong data-start=\"4346\" data-end=\"4367\">\u2714 Mietitrici di fagioli<\/strong><\/h4>\n<p data-start=\"4370\" data-end=\"4452\">Sistemi avanzati di estrazione e selezione per una raccolta dei fagioli precisa ed efficiente.<\/p>\n<p data-start=\"4454\" data-end=\"4542\">Ogni macchina \u00e8 progettata tenendo a mente la durevolezza, la stabilit\u00e0 e la facilit\u00e0 di manutenzione.<\/p>\n<p>[\/et_pb_text][\/et_pb_column][et_pb_column type=&#8221;1_2&#8243; _builder_version=&#8221;4.20.4&#8243; _module_preset=&#8221;default&#8221; global_colors_info=&#8221;{}&#8221;][et_pb_text _builder_version=&#8221;4.20.4&#8243; _module_preset=&#8221;default&#8221; text_font=&#8221;Amaranth|700|||||||&#8221; text_font_size=&#8221;16px&#8221; header_2_font=&#8221;Amarante|700|||||||&#8221; header_2_text_color=&#8221;#E06100&#8243; header_2_font_size=&#8221;36px&#8221; header_2_line_height=&#8221;3em&#8221; header_2_text_shadow_style=&#8221;preset1&#8243; global_colors_info=&#8221;{}&#8221;]<\/p>\n<h2>Valori fondamentali<\/h2>\n<ul>\n<li data-start=\"3457\" data-end=\"3546\">\n<p data-start=\"3459\" data-end=\"3546\"><strong data-start=\"3459\" data-end=\"3476\">? Innovazione<\/strong> \u2013 Miglioramento continuo dei macchinari per soddisfare le moderne esigenze agricole<\/p>\n<\/li>\n<li data-start=\"3547\" data-end=\"3623\">\n<p data-start=\"3549\" data-end=\"3623\"><strong data-start=\"3549\" data-end=\"3565\">? Integrit\u00e0<\/strong> \u2013 Onest\u00e0 e partnership a lungo termine con ogni cliente<\/p>\n<\/li>\n<li data-start=\"3624\" data-end=\"3700\">\n<p data-start=\"3626\" data-end=\"3700\"><strong data-start=\"3626\" data-end=\"3640\">\u2699\ufe0f Qualit\u00e0<\/strong> \u2013 Prodotti costruiti per resistere agli ambienti agricoli pi\u00f9 difficili<\/p>\n<\/li>\n<li data-start=\"3701\" data-end=\"3776\">\n<p data-start=\"3703\" data-end=\"3776\"><strong data-start=\"3703\" data-end=\"3717\">? Servizio<\/strong> \u2013 Approccio incentrato sul cliente con supporto rapido e affidabile<\/p>\n<\/li>\n<li data-start=\"3777\" data-end=\"3868\">\n<p data-start=\"3779\" data-end=\"3868\"><strong data-start=\"3779\" data-end=\"3800\">? Sostenibilit\u00e0<\/strong> \u2013 Progettare attrezzature che riducano gli sprechi e aumentino l\u2019efficienza<\/p>\n<\/li>\n<\/ul>\n<p>[\/et_pb_text][\/et_pb_column][\/et_pb_row][\/et_pb_section][et_pb_section fb_built=&#8221;1&#8243; _builder_version=&#8221;4.20.4&#8243; _module_preset=&#8221;default&#8221; global_colors_info=&#8221;{}&#8221;][et_pb_row _builder_version=&#8221;4.20.4&#8243; _module_preset=&#8221;default&#8221; global_colors_info=&#8221;{}&#8221;][et_pb_column type=&#8221;4_4&#8243; _builder_version=&#8221;4.20.4&#8243; _module_preset=&#8221;default&#8221; global_colors_info=&#8221;{}&#8221;][et_pb_image src=&#8221;https:\/\/silagebalers.com\/wp-content\/uploads\/2025\/12\/silage-baler-iso90001-1.webp&#8221; alt=&#8221;silage-baler-iso90001-1&#8243; title_text=&#8221;silage-baler-iso90001-1&#8243; force_fullwidth=&#8221;on&#8221; _builder_version=&#8221;4.20.4&#8243; _module_preset=&#8221;default&#8221; global_colors_info=&#8221;{}&#8221;][\/et_pb_image][\/et_pb_column][\/et_pb_row][\/et_pb_section]<\/p>","protected":false},"excerpt":{"rendered":"<p>About UsWe design and manufacture high-performance silage balers and agricultural machinery that empower farmers across the United States and around the world. With advanced engineering, quality craftsmanship, and a commitment to innovation, we help farmers achieve higher efficiency, lower operational costs, and better harvest results.Who We AreEver-Power Silage Baler Equipment INC is a modern agricultural [&hellip;]<\/p>","protected":false},"author":1,"featured_media":0,"parent":0,"menu_order":0,"comment_status":"closed","ping_status":"closed","template":"","meta":{"_et_pb_use_builder":"on","_et_pb_old_content":"","_et_gb_content_width":"","footnotes":""},"class_list":["post-356","page","type-page","status-publish","hentry"],"_links":{"self":[{"href":"https:\/\/silagebalers.com\/it\/wp-json\/wp\/v2\/pages\/356","targetHints":{"allow":["GET"]}}],"collection":[{"href":"https:\/\/silagebalers.com\/it\/wp-json\/wp\/v2\/pages"}],"about":[{"href":"https:\/\/silagebalers.com\/it\/wp-json\/wp\/v2\/types\/page"}],"author":[{"embeddable":true,"href":"https:\/\/silagebalers.com\/it\/wp-json\/wp\/v2\/users\/1"}],"replies":[{"embeddable":true,"href":"https:\/\/silagebalers.com\/it\/wp-json\/wp\/v2\/comments?post=356"}],"version-history":[{"count":27,"href":"https:\/\/silagebalers.com\/it\/wp-json\/wp\/v2\/pages\/356\/revisions"}],"predecessor-version":[{"id":484,"href":"https:\/\/silagebalers.com\/it\/wp-json\/wp\/v2\/pages\/356\/revisions\/484"}],"wp:attachment":[{"href":"https:\/\/silagebalers.com\/it\/wp-json\/wp\/v2\/media?parent=356"}],"curies":[{"name":"wp","href":"https:\/\/api.w.org\/{rel}","templated":true}]}}