{"id":317,"date":"2025-12-01T01:33:05","date_gmt":"2025-12-01T01:33:05","guid":{"rendered":"https:\/\/silagebalers.com\/?page_id=317"},"modified":"2026-01-15T01:54:41","modified_gmt":"2026-01-15T01:54:41","slug":"contact-us","status":"publish","type":"page","link":"https:\/\/silagebalers.com\/pt\/contact-us\/","title":{"rendered":"Contate-nos"},"content":{"rendered":"<p>[et_pb_section fb_built=&#8221;1&#8243; admin_label=&#8221;Header&#8221; _builder_version=&#8221;4.20.4&#8243; _module_preset=&#8221;default&#8221; use_background_color_gradient=&#8221;on&#8221; background_color_gradient_type=&#8221;circular&#8221; background_color_gradient_direction_radial=&#8221;bottom&#8221; background_color_gradient_stops=&#8221;gcid-64653083-5242-43fe-8dfb-3d72435526c0 0%|gcid-a2ad28b5-d28e-4d1e-9e4d-81a3653a5561 50%|#000000 100%&#8221; background_image=&#8221;https:\/\/silagebalers.com\/wp-content\/uploads\/2025\/12\/creative-marketing-2-scaled.png&#8221; background_size=&#8221;contain&#8221; background_position=&#8221;bottom_center&#8221; custom_margin=&#8221;||||true|true&#8221; custom_padding=&#8221;||12vw||false|false&#8221; background_last_edited=&#8221;on|tablet&#8221; background_mask_aspect_ratio_tablet=&#8221;portrait&#8221; border_radii=&#8221;on|1.5vw|1.5vw|1.5vw|1.5vw&#8221; locked=&#8221;off&#8221; collapsed=&#8221;on&#8221; global_colors_info=&#8221;{%22gcid-64653083-5242-43fe-8dfb-3d72435526c0%22:%91%22background_color_gradient_stops%22%93}&#8221;][et_pb_row _builder_version=&#8221;4.21.0&#8243; _module_preset=&#8221;default&#8221; width=&#8221;90%&#8221; max_width=&#8221;800px&#8221; locked=&#8221;off&#8221; global_colors_info=&#8221;{}&#8221;][et_pb_column type=&#8221;4_4&#8243; _builder_version=&#8221;4.21.0&#8243; _module_preset=&#8221;default&#8221; global_colors_info=&#8221;{}&#8221;][et_pb_text _builder_version=&#8221;4.20.4&#8243; _module_preset=&#8221;eb7ce685-d2d8-4c5a-9b12-a64f0abc377a&#8221; header_text_color=&#8221;#FFFFFF&#8221; text_orientation=&#8221;center&#8221; custom_margin=&#8221;||10px||false|false&#8221; global_colors_info=&#8221;{}&#8221;]<\/p>\n<h1>Entre em contato conosco hoje mesmo<\/h1>\n<p>[\/et_pb_text][et_pb_text _builder_version=&#8221;4.20.4&#8243; _module_preset=&#8221;5f32879e-3c65-4205-9d2a-d621e0523be1&#8243; text_text_color=&#8221;#FFFFFF&#8221; text_orientation=&#8221;center&#8221; global_colors_info=&#8221;{}&#8221;]<\/p>\n<p>Seu sucesso come\u00e7a com o equipamento agr\u00edcola certo.<br \/>Entre em contato agora mesmo e deixe nossa equipe de especialistas ajud\u00e1-lo(a) a encontrar a solu\u00e7\u00e3o perfeita.<\/p>\n<p>[\/et_pb_text][et_pb_button button_url=&#8221;#contact&#8221; button_text=&#8221;? Get in touch&#8221; button_alignment=&#8221;center&#8221; _builder_version=&#8221;4.20.4&#8243; _module_preset=&#8221;2307df25-8945-4c21-bf70-99e68825eb4f&#8221; global_colors_info=&#8221;{}&#8221;][\/et_pb_button][\/et_pb_column][\/et_pb_row][\/et_pb_section][et_pb_section fb_built=&#8221;1&#8243; admin_label=&#8221;Features&#8221; _builder_version=&#8221;4.21.0&#8243; _module_preset=&#8221;default&#8221; background_color=&#8221;RGBA(255,255,255,0)&#8221; custom_margin=&#8221;||||false|false&#8221; locked=&#8221;off&#8221; collapsed=&#8221;on&#8221; global_colors_info=&#8221;{}&#8221;][et_pb_row column_structure=&#8221;2_5,3_5&#8243; _builder_version=&#8221;4.20.4&#8243; _module_preset=&#8221;default&#8221; global_colors_info=&#8221;{}&#8221;][et_pb_column type=&#8221;2_5&#8243; _builder_version=&#8221;4.21.0&#8243; _module_preset=&#8221;default&#8221; global_colors_info=&#8221;{}&#8221;][et_pb_text _builder_version=&#8221;4.20.4&#8243; _module_preset=&#8221;default&#8221; header_2_font=&#8221;Brygada 1918||||||||&#8221; header_2_text_color=&#8221;#331584&#8243; header_2_font_size=&#8221;38px&#8221; header_2_line_height=&#8221;2em&#8221; header_2_text_shadow_style=&#8221;preset2&#8243; header_2_text_shadow_color=&#8221;#331584&#8243; global_colors_info=&#8221;{}&#8221;]<\/p>\n<h2><strong data-start=\"1634\" data-end=\"1657\">Informa\u00e7\u00f5es de contato<\/strong><\/h2>\n<p>[\/et_pb_text][et_pb_text _builder_version=&#8221;4.20.4&#8243; _module_preset=&#8221;default&#8221; text_font=&#8221;Inter||||||||&#8221; text_font_size=&#8221;18px&#8221; text_line_height=&#8221;2em&#8221; global_colors_info=&#8221;{}&#8221;]<\/p>\n<p>? <strong>E-mail:<\/strong> <strong data-start=\"1746\" data-end=\"1771\"><a data-start=\"1748\" data-end=\"1769\" href=\"mailto:sales@silagebalers.com\">sales@silagebalers.com<\/a><\/strong><\/p>\n<p><strong data-start=\"1746\" data-end=\"1771\"><\/strong><\/p>\n<p><strong data-start=\"1746\" data-end=\"1771\">? Site: <a data-start=\"1822\" data-end=\"1842\" class=\"decorated-link\" href=\"https:\/\/silagebalers.com\/pt\/\">www.silagebalers.com<\/a><\/strong><strong data-start=\"1746\" data-end=\"1771\"><\/strong><\/p>\n<p>[\/et_pb_text][et_pb_text _builder_version=&#8221;4.20.4&#8243; _module_preset=&#8221;default&#8221; text_font=&#8221;Archivo||||||||&#8221; custom_margin=&#8221;54px|||||&#8221; global_colors_info=&#8221;{}&#8221;]<\/p>\n<p><strong data-start=\"1820\" data-end=\"1844\">? Sede (EUA)<br data-start=\"1682\" data-end=\"1685\" \/>1401 21st ST | STE R | Sacramento | CA 95811 EUA<\/strong><\/p>\n<p>[\/et_pb_text][et_pb_button button_url=&#8221;#contact&#8221; button_text=&#8221;Contact Us&#8221; _builder_version=&#8221;4.20.4&#8243; _module_preset=&#8221;default&#8221; custom_button=&#8221;on&#8221; button_text_color=&#8221;#FFFFFF&#8221; button_bg_color=&#8221;#00457A&#8221; button_icon=&#8221;&#x76;||divi||400&#8243; button_text_shadow_style=&#8221;preset5&#8243; button_text_shadow_color=&#8221;#B3B3B3&#8243; box_shadow_style=&#8221;preset4&#8243; box_shadow_horizontal=&#8221;7px&#8221; box_shadow_vertical=&#8221;5px&#8221; box_shadow_color=&#8221;#00457A&#8221; global_colors_info=&#8221;{}&#8221;][\/et_pb_button][\/et_pb_column][et_pb_column type=&#8221;3_5&#8243; _builder_version=&#8221;4.21.0&#8243; _module_preset=&#8221;default&#8221; global_colors_info=&#8221;{}&#8221;][et_pb_code _builder_version=&#8221;4.20.4&#8243; _module_preset=&#8221;default&#8221; custom_margin=&#8221;|-70px||||&#8221; global_colors_info=&#8221;{}&#8221;]<iframe src=\"https:\/\/www.google.com\/maps\/embed?pb=!1m18!1m12!1m3!1d3119.356558765752!2d-121.48287132426742!3d38.57163617179541!2m3!1f0!2f0!3f0!3m2!1i1024!2i768!4f13.1!3m3!1m2!1s0x809ad0dd31655555%3A0x4400fdc2363ca6c4!2s1401%2021st%20Street%20Suite%20R%2C%20Sacramento%2C%20CA%2095811!5e0!3m2!1sen!2sus!4v1763691604859!5m2!1sen!2sus\" width=\"100%\" height=\"450\" style=\"border:0;\" allowfullscreen=\"\" loading=\"lazy\" referrerpolicy=\"no-referrer-when-downgrade\"><\/iframe>[\/et_pb_code][\/et_pb_column][\/et_pb_row][\/et_pb_section][et_pb_section fb_built=&#8221;1&#8243; admin_label=&#8221;Services&#8221; _builder_version=&#8221;4.20.4&#8243; _module_preset=&#8221;default&#8221; collapsed=&#8221;on&#8221; global_colors_info=&#8221;{}&#8221;][et_pb_row column_structure=&#8221;2_3,1_3&#8243; custom_padding_last_edited=&#8221;on|desktop&#8221; _builder_version=&#8221;4.20.4&#8243; _module_preset=&#8221;default&#8221; background_enable_color=&#8221;off&#8221; background_image=&#8221;https:\/\/silagebalers.com\/wp-content\/uploads\/2025\/12\/silage-baler-contact.webp&#8221; custom_padding=&#8221;60px|60px|60px|60px|true|true&#8221; custom_padding_tablet=&#8221;30px|30px|30px|30px|true|true&#8221; custom_padding_phone=&#8221;20px|20px|20px|20px|true|true&#8221; border_radii=&#8221;on|10px|10px|10px|10px&#8221; locked=&#8221;off&#8221; global_colors_info=&#8221;{%22gcid-b25270ff-80a4-43b3-b4f7-60812cb04374%22:%91%22arrows_custom_color%22,%22dot_nav_custom_color%22%93,%22gcid-815ebb39-646b-4c9a-a3e8-ce9c4b7f9e47%22:%91%22form_field_text_color%22,%22border_color_all%22,%22border_color_all_fields%22,%22header_text_color%22,%22body_text_color%22,%22meta_text_color%22%93,%22gcid-05959b20-5052-4306-928c-1caa44cf406e%22:%91%22background_color_gradient_stops%22%93}&#8221;][et_pb_column type=&#8221;2_3&#8243; _builder_version=&#8221;4.21.0&#8243; _module_preset=&#8221;default&#8221; global_colors_info=&#8221;{}&#8221;][et_pb_text _builder_version=&#8221;4.20.4&#8243; _module_preset=&#8221;default&#8221; header_2_font=&#8221;Podkova|600|||||||&#8221; header_2_text_color=&#8221;#FFFFFF&#8221; header_2_font_size=&#8221;46px&#8221; header_2_line_height=&#8221;2em&#8221; header_2_text_shadow_style=&#8221;preset1&#8243; header_2_text_shadow_color=&#8221;#242424&#8243; global_colors_info=&#8221;{}&#8221;]<\/p>\n<h2>Por que entrar em contato conosco?<\/h2>\n<p>[\/et_pb_text][et_pb_text _builder_version=&#8221;4.20.4&#8243; _module_preset=&#8221;5f32879e-3c65-4205-9d2a-d621e0523be1&#8243; text_font=&#8221;Noto Serif Yezidi|600|||||||&#8221; text_text_color=&#8221;#FFFFFF&#8221; text_font_size=&#8221;20px&#8221; text_line_height=&#8221;2.2em&#8221; global_colors_info=&#8221;{}&#8221;]<\/p>\n<ul>\n<li data-start=\"1246\" data-end=\"1370\">\n<p data-start=\"1248\" data-end=\"1370\"><strong data-start=\"1248\" data-end=\"1278\">? Orienta\u00e7\u00e3o especializada sobre o produto<\/strong> \u2014 Receba recomenda\u00e7\u00f5es personalizadas para enfardadeiras, segadoras, ancinhos e colhedoras de feij\u00e3o.<\/p>\n<\/li>\n<li data-start=\"1371\" data-end=\"1462\">\n<p data-start=\"1373\" data-end=\"1462\"><strong data-start=\"1373\" data-end=\"1397\">\u2699\ufe0f Suporte T\u00e9cnico<\/strong> \u2014 Engenheiros dedicados prontos para responder a todas as perguntas t\u00e9cnicas.<\/p>\n<\/li>\n<li data-start=\"1463\" data-end=\"1552\">\n<p data-start=\"1465\" data-end=\"1552\"><strong data-start=\"1465\" data-end=\"1502\">? Grande estoque, entrega r\u00e1pida<\/strong> \u2014 Armaz\u00e9ns e pontos de servi\u00e7o em todos os EUA<\/p>\n<\/li>\n<li data-start=\"1553\" data-end=\"1624\">\n<p data-start=\"1555\" data-end=\"1624\"><strong data-start=\"1555\" data-end=\"1587\">? Atendimento ao cliente amig\u00e1vel<\/strong> \u2014 Resposta r\u00e1pida e suporte individualizado.<\/p>\n<\/li>\n<\/ul>\n<p>[\/et_pb_text][et_pb_button button_url=&#8221;https:\/\/silagebalers.com\/about-us\/&#8221; button_text=&#8221;View More &#8221; _builder_version=&#8221;4.20.4&#8243; _module_preset=&#8221;default&#8221; custom_button=&#8221;on&#8221; button_text_color=&#8221;#00457A&#8221; button_bg_color=&#8221;#FFFFFF&#8221; button_border_color=&#8221;#FFFFFF&#8221; button_font=&#8221;|||on|||||&#8221; button_icon=&#8221;&#x76;||divi||400&#8243; button_text_shadow_style=&#8221;preset2&#8243; box_shadow_style=&#8221;preset4&#8243; box_shadow_horizontal=&#8221;7px&#8221; box_shadow_vertical=&#8221;5px&#8221; box_shadow_color=&#8221;#E06100&#8243; global_colors_info=&#8221;{}&#8221;][\/et_pb_button][\/et_pb_column][et_pb_column type=&#8221;1_3&#8243; _builder_version=&#8221;4.21.0&#8243; _module_preset=&#8221;default&#8221; global_colors_info=&#8221;{}&#8221;][\/et_pb_column][\/et_pb_row][\/et_pb_section]<\/p>","protected":false},"excerpt":{"rendered":"<p>Get in Touch With Us TodayYour success starts with the right agricultural equipment.Reach out now and let our expert team assist you in finding the perfect solution.Contact Information? Email: sales@silagebalers.com ? Website: www.silagebalers.com? Head Office (USA)1401 21st ST | STE R | Sacramento | CA 95811 USWhy Contact Us? ? Expert Product Guidance \u2014 Get [&hellip;]<\/p>","protected":false},"author":1,"featured_media":0,"parent":0,"menu_order":0,"comment_status":"closed","ping_status":"closed","template":"","meta":{"_et_pb_use_builder":"on","_et_pb_old_content":"","_et_gb_content_width":"","footnotes":""},"class_list":["post-317","page","type-page","status-publish","hentry"],"_links":{"self":[{"href":"https:\/\/silagebalers.com\/pt\/wp-json\/wp\/v2\/pages\/317","targetHints":{"allow":["GET"]}}],"collection":[{"href":"https:\/\/silagebalers.com\/pt\/wp-json\/wp\/v2\/pages"}],"about":[{"href":"https:\/\/silagebalers.com\/pt\/wp-json\/wp\/v2\/types\/page"}],"author":[{"embeddable":true,"href":"https:\/\/silagebalers.com\/pt\/wp-json\/wp\/v2\/users\/1"}],"replies":[{"embeddable":true,"href":"https:\/\/silagebalers.com\/pt\/wp-json\/wp\/v2\/comments?post=317"}],"version-history":[{"count":26,"href":"https:\/\/silagebalers.com\/pt\/wp-json\/wp\/v2\/pages\/317\/revisions"}],"predecessor-version":[{"id":503,"href":"https:\/\/silagebalers.com\/pt\/wp-json\/wp\/v2\/pages\/317\/revisions\/503"}],"wp:attachment":[{"href":"https:\/\/silagebalers.com\/pt\/wp-json\/wp\/v2\/media?parent=317"}],"curies":[{"name":"wp","href":"https:\/\/api.w.org\/{rel}","templated":true}]}}